{"id":10,"date":"2022-03-09T09:30:31","date_gmt":"2022-03-09T09:30:31","guid":{"rendered":"http:\/\/s898258960.sito-web-online.it\/?page_id=10"},"modified":"2023-02-22T06:58:19","modified_gmt":"2023-02-22T06:58:19","slug":"dove-siamo","status":"publish","type":"page","link":"https:\/\/agriturismolamignola.com\/de\/dove-siamo","title":{"rendered":"Wo wir sind"},"content":{"rendered":"<div data-elementor-type=\"wp-page\" data-elementor-id=\"10\" class=\"elementor elementor-10\" data-elementor-post-type=\"page\">\n\t\t\t\t\t\t<section class=\"elementor-section elementor-top-section elementor-element elementor-element-6fcd44e8 elementor-section-height-min-height elementor-section-items-stretch elementor-section-boxed elementor-section-height-default\" data-id=\"6fcd44e8\" data-element_type=\"section\" data-e-type=\"section\">\n\t\t\t\t\t\t\t<div class=\"elementor-background-overlay\"><\/div>\n\t\t\t\t\t\t\t<div class=\"elementor-container elementor-column-gap-default\">\n\t\t\t\t\t<div class=\"elementor-column elementor-col-100 elementor-top-column elementor-element elementor-element-3b59193f\" data-id=\"3b59193f\" data-element_type=\"column\" data-e-type=\"column\">\n\t\t\t<div class=\"elementor-widget-wrap elementor-element-populated\">\n\t\t\t\t\t\t<div class=\"elementor-element elementor-element-533414ca elementor-widget__width-inherit elementor-widget elementor-widget-heading\" data-id=\"533414ca\" data-element_type=\"widget\" data-e-type=\"widget\" data-widget_type=\"heading.default\">\n\t\t\t\t<div class=\"elementor-widget-container\">\n\t\t\t\t\t<h2 class=\"elementor-heading-title elementor-size-default\">Wo wir sind<\/h2>\t\t\t\t<\/div>\n\t\t\t\t<\/div>\n\t\t\t\t<div class=\"elementor-element elementor-element-357f422 elementor-widget elementor-widget-heading\" data-id=\"357f422\" data-element_type=\"widget\" data-e-type=\"widget\" data-widget_type=\"heading.default\">\n\t\t\t\t<div class=\"elementor-widget-container\">\n\t\t\t\t\t<h2 class=\"elementor-heading-title elementor-size-default\">DIE POSITION<\/h2>\t\t\t\t<\/div>\n\t\t\t\t<\/div>\n\t\t\t\t\t<\/div>\n\t\t<\/div>\n\t\t\t\t\t<\/div>\n\t\t<\/section>\n\t\t\t\t<section class=\"elementor-section elementor-top-section elementor-element elementor-element-8929227 elementor-section-boxed elementor-section-height-default elementor-section-height-default\" data-id=\"8929227\" data-element_type=\"section\" data-e-type=\"section\">\n\t\t\t\t\t\t<div class=\"elementor-container elementor-column-gap-default\">\n\t\t\t\t\t<div class=\"elementor-column elementor-col-50 elementor-top-column elementor-element elementor-element-a47ed87\" data-id=\"a47ed87\" data-element_type=\"column\" data-e-type=\"column\">\n\t\t\t<div class=\"elementor-widget-wrap elementor-element-populated\">\n\t\t\t\t\t\t<div class=\"elementor-element elementor-element-1d4c651 elementor-widget elementor-widget-text-editor\" data-id=\"1d4c651\" data-element_type=\"widget\" data-e-type=\"widget\" data-widget_type=\"text-editor.default\">\n\t\t\t\t<div class=\"elementor-widget-container\">\n\t\t\t\t\t\t\t\t\t<h3 id=\"comp-jxfrplup\" class=\"_1Q9if\" data-testid=\"richTextElement\">IM AUTO<\/h3><div id=\"comp-jxfrplux\" class=\"_1Q9if\" data-testid=\"richTextElement\"><p class=\"font_8\">Um uns zu erreichen, geben Sie im Navigator nicht die Adresse des Bauernhauses ein, sondern den Bahnhof Quercianella (kleine Stadt in unserer N\u00e4he).<\/p><p class=\"font_8\">Sobald Sie den Bahnhof erreicht haben, kehren Sie zur Via del Litorale zur\u00fcck und biegen rechts ab. An der Kreuzung rechts abbiegen; Am Ende des Abstiegs finden Sie einen Kreisverkehr und m\u00fcssen unter einer \u00dcberf\u00fchrung nach links abbiegen. Dann biegen Sie links ab und auf der rechten Seite finden Sie ein wei\u00df-gr\u00fcnes Boot mit der Aufschrift \u201eQuercianella\u201c, das Ihnen den unbefestigten Weg zeigt, \u00fcber den Sie 2,5 km weiterfahren m\u00fcssen, um unser Bauernhaus zu erreichen.<\/p><h3 class=\"font_7\">IM ZUG<\/h3><p class=\"font_8\">Die Bahnh\u00f6fe Livorno und Quercianella sind durch Regionalz\u00fcge mit den wichtigsten St\u00e4dten und Flugh\u00e4fen der Toskana verbunden. Kontaktieren Sie uns und wir holen Sie am Bahnhof Livorno Centrale oder Quercianella ab.<\/p><p class=\"font_8\">Besuchen Sie die Website trenitalia.com f\u00fcr Zugfahrpl\u00e4ne und Tarife.<\/p><h3 class=\"font_7\">TRANSFER VOM\/ZUM FLUGHAFEN\u00a0<\/h3><p class=\"font_7\"><span class=\"wixGuard\">\u200b<\/span>Kontaktieren Sie uns, um einen Transfer zum\/vom internationalen Flughafen Galileo Galilei in Pisa zu organisieren.<\/p><\/div>\t\t\t\t\t\t\t\t<\/div>\n\t\t\t\t<\/div>\n\t\t\t\t\t<\/div>\n\t\t<\/div>\n\t\t\t\t<div class=\"elementor-column elementor-col-50 elementor-top-column elementor-element elementor-element-a59cc5f\" data-id=\"a59cc5f\" data-element_type=\"column\" data-e-type=\"column\">\n\t\t\t<div class=\"elementor-widget-wrap elementor-element-populated\">\n\t\t\t\t\t\t<div class=\"elementor-element elementor-element-faf9b5e elementor-widget elementor-widget-video\" data-id=\"faf9b5e\" data-element_type=\"widget\" data-e-type=\"widget\" data-settings=\"{&quot;video_type&quot;:&quot;hosted&quot;,&quot;autoplay&quot;:&quot;yes&quot;,&quot;play_on_mobile&quot;:&quot;yes&quot;,&quot;mute&quot;:&quot;yes&quot;,&quot;loop&quot;:&quot;yes&quot;}\" data-widget_type=\"video.default\">\n\t\t\t\t<div class=\"elementor-widget-container\">\n\t\t\t\t\t\t\t<div class=\"e-hosted-video elementor-wrapper elementor-open-inline\">\n\t\t\t\t\t<video class=\"elementor-video\" src=\"https:\/\/agriturismolamignola.com\/wp-content\/uploads\/2022\/03\/Come-raggiungerci.mp4\" autoplay=\"\" loop=\"\" muted=\"muted\" playsinline=\"\" controlslist=\"nodownload\"><\/video>\n\t\t\t\t<\/div>\n\t\t\t\t\t\t<\/div>\n\t\t\t\t<\/div>\n\t\t\t\t\t<\/div>\n\t\t<\/div>\n\t\t\t\t\t<\/div>\n\t\t<\/section>\n\t\t\t\t<section class=\"elementor-section elementor-top-section elementor-element elementor-element-23ff6e3b elementor-section-full_width elementor-section-height-default elementor-section-height-default\" data-id=\"23ff6e3b\" data-element_type=\"section\" data-e-type=\"section\">\n\t\t\t\t\t\t<div class=\"elementor-container elementor-column-gap-default\">\n\t\t\t\t\t<div class=\"elementor-column elementor-col-100 elementor-top-column elementor-element elementor-element-17092b38\" data-id=\"17092b38\" data-element_type=\"column\" data-e-type=\"column\">\n\t\t\t<div class=\"elementor-widget-wrap elementor-element-populated\">\n\t\t\t\t\t\t<div class=\"elementor-element elementor-element-486d5baa elementor-widget elementor-widget-google_maps\" data-id=\"486d5baa\" data-element_type=\"widget\" data-e-type=\"widget\" data-widget_type=\"google_maps.default\">\n\t\t\t\t<div class=\"elementor-widget-container\">\n\t\t\t\t\t\t\t<div class=\"elementor-custom-embed\">\n\t\t\t<iframe loading=\"lazy\"\n\t\t\t\t\tsrc=\"https:\/\/maps.google.com\/maps?q=Agriturismo%20La%20mignola&#038;t=m&#038;z=12&#038;output=embed&#038;iwloc=near\"\n\t\t\t\t\ttitle=\"Bauernhaus La Mignola\"\n\t\t\t\t\taria-label=\"Bauernhaus La Mignola\"\n\t\t\t><\/iframe>\n\t\t<\/div>\n\t\t\t\t\t\t<\/div>\n\t\t\t\t<\/div>\n\t\t\t\t\t<\/div>\n\t\t<\/div>\n\t\t\t\t\t<\/div>\n\t\t<\/section>\n\t\t\t\t<\/div>","protected":false},"excerpt":{"rendered":"<p>LA POSIZIONE IN MACCHINA Per raggiungerci non inserite nel navigatore l\u2019indirizzo dell\u2019agriturismo, bens\u00ec la stazione ferroviaria di Quercianella (piccolo paese vicino a noi). Raggiunta la stazione tornate su Via del Litorale e svoltate a destra. Al bivio svoltate a destra; al termine della discesa troverete una rotatoria e dovrete svoltare a sinistra passando sotto ad [&hellip;]<\/p>\n","protected":false},"author":1,"featured_media":0,"parent":0,"menu_order":0,"comment_status":"closed","ping_status":"closed","template":"elementor_header_footer","meta":{"om_disable_all_campaigns":false,"_monsterinsights_skip_tracking":false,"_monsterinsights_sitenote_active":false,"_monsterinsights_sitenote_note":"","_monsterinsights_sitenote_category":0,"footnotes":""},"class_list":["post-10","page","type-page","status-publish","hentry"],"aioseo_notices":[],"_links":{"self":[{"href":"https:\/\/agriturismolamignola.com\/de\/wp-json\/wp\/v2\/pages\/10","targetHints":{"allow":["GET"]}}],"collection":[{"href":"https:\/\/agriturismolamignola.com\/de\/wp-json\/wp\/v2\/pages"}],"about":[{"href":"https:\/\/agriturismolamignola.com\/de\/wp-json\/wp\/v2\/types\/page"}],"author":[{"embeddable":true,"href":"https:\/\/agriturismolamignola.com\/de\/wp-json\/wp\/v2\/users\/1"}],"replies":[{"embeddable":true,"href":"https:\/\/agriturismolamignola.com\/de\/wp-json\/wp\/v2\/comments?post=10"}],"version-history":[{"count":0,"href":"https:\/\/agriturismolamignola.com\/de\/wp-json\/wp\/v2\/pages\/10\/revisions"}],"wp:attachment":[{"href":"https:\/\/agriturismolamignola.com\/de\/wp-json\/wp\/v2\/media?parent=10"}],"curies":[{"name":"wp","href":"https:\/\/api.w.org\/{rel}","templated":true}]}}