{"id":2666,"date":"2025-02-14T10:12:16","date_gmt":"2025-02-14T10:12:16","guid":{"rendered":"https:\/\/agriturismolamignola.com\/?page_id=2666"},"modified":"2025-02-14T10:24:50","modified_gmt":"2025-02-14T10:24:50","slug":"pacchetto-pilates-pernottamento-in-agriturismo","status":"publish","type":"page","link":"https:\/\/agriturismolamignola.com\/de\/pacchetto-pilates-pernottamento-in-agriturismo","title":{"rendered":"Pilates &amp; Farmhouse \u00dcbernachtungspaket"},"content":{"rendered":"<div data-elementor-type=\"wp-page\" data-elementor-id=\"2666\" class=\"elementor elementor-2666\" data-elementor-post-type=\"page\">\n\t\t\t\t<div class=\"elementor-element elementor-element-1df4ef3 e-flex e-con-boxed e-con e-parent\" data-id=\"1df4ef3\" data-element_type=\"container\" data-e-type=\"container\" data-settings=\"{&quot;background_background&quot;:&quot;classic&quot;}\">\n\t\t\t\t\t<div class=\"e-con-inner\">\n\t\t\t\t<div class=\"elementor-element elementor-element-9e96a42 elementor-widget elementor-widget-heading\" data-id=\"9e96a42\" data-element_type=\"widget\" data-e-type=\"widget\" data-widget_type=\"heading.default\">\n\t\t\t\t<div class=\"elementor-widget-container\">\n\t\t\t\t\t<h2 class=\"elementor-heading-title elementor-size-default\">Entspannen Sie sich und erneuern Sie K\u00f6rper und Geist!<\/h2>\t\t\t\t<\/div>\n\t\t\t\t<\/div>\n\t\t\t\t<div class=\"elementor-element elementor-element-8f2bbdb elementor-widget elementor-widget-heading\" data-id=\"8f2bbdb\" data-element_type=\"widget\" data-e-type=\"widget\" data-widget_type=\"heading.default\">\n\t\t\t\t<div class=\"elementor-widget-container\">\n\t\t\t\t\t<h1 class=\"elementor-heading-title elementor-size-default\">Pilates &amp; Farmhouse \u00dcbernachtungspaket<\/h1>\t\t\t\t<\/div>\n\t\t\t\t<\/div>\n\t\t\t\t\t<\/div>\n\t\t\t\t<\/div>\n\t\t<div class=\"elementor-element elementor-element-647dca2 e-flex e-con-boxed e-con e-parent\" data-id=\"647dca2\" data-element_type=\"container\" data-e-type=\"container\">\n\t\t\t\t\t<div class=\"e-con-inner\">\n\t\t<div class=\"elementor-element elementor-element-603e1a3 e-con-full e-flex e-con e-child\" data-id=\"603e1a3\" data-element_type=\"container\" data-e-type=\"container\">\n\t\t\t\t<div class=\"elementor-element elementor-element-44793c7 elementor-widget elementor-widget-text-editor\" data-id=\"44793c7\" data-element_type=\"widget\" data-e-type=\"widget\" data-widget_type=\"text-editor.default\">\n\t\t\t\t<div class=\"elementor-widget-container\">\n\t\t\t\t\t\t\t\t\t<p>G\u00f6nnen Sie sich ein einzigartiges Wellness-Erlebnis: eine regenerierende Pilates-Sitzung in einer nat\u00fcrlichen Umgebung, gefolgt von einer entspannenden \u00dcbernachtung in einem charmanten Bauernhaus.<\/p><p>Erwecken Sie Ihre Sinne, regenerieren Sie Ihren K\u00f6rper und tanken Sie neue Kraft f\u00fcr Ihren Geist.<\/p>\t\t\t\t\t\t\t\t<\/div>\n\t\t\t\t<\/div>\n\t\t\t\t<div class=\"elementor-element elementor-element-066472b elementor-widget elementor-widget-heading\" data-id=\"066472b\" data-element_type=\"widget\" data-e-type=\"widget\" data-widget_type=\"heading.default\">\n\t\t\t\t<div class=\"elementor-widget-container\">\n\t\t\t\t\t<h5 class=\"elementor-heading-title elementor-size-default\">Was ist im Paket enthalten:\n<\/h5>\t\t\t\t<\/div>\n\t\t\t\t<\/div>\n\t\t\t\t<div class=\"elementor-element elementor-element-0bf2f57 elementor-icon-list--layout-traditional elementor-list-item-link-full_width elementor-widget elementor-widget-icon-list\" data-id=\"0bf2f57\" data-element_type=\"widget\" data-e-type=\"widget\" data-widget_type=\"icon-list.default\">\n\t\t\t\t<div class=\"elementor-widget-container\">\n\t\t\t\t\t\t\t<ul class=\"elementor-icon-list-items\">\n\t\t\t\t\t\t\t<li class=\"elementor-icon-list-item\">\n\t\t\t\t\t\t\t\t\t\t\t<span class=\"elementor-icon-list-icon\">\n\t\t\t\t\t\t\t<svg aria-hidden=\"true\" class=\"e-font-icon-svg e-fas-check\" viewbox=\"0 0 512 512\" xmlns=\"http:\/\/www.w3.org\/2000\/svg\"><path d=\"M173.898 439.404l-166.4-166.4c-9.997-9.997-9.997-26.206 0-36.204l36.203-36.204c9.997-9.998 26.207-9.998 36.204 0L192 312.69 432.095 72.596c9.997-9.997 26.207-9.997 36.204 0l36.203 36.204c9.997 9.997 9.997 26.206 0 36.204l-294.4 294.401c-9.998 9.997-26.207 9.997-36.204-.001z\"><\/path><\/svg>\t\t\t\t\t\t<\/span>\n\t\t\t\t\t\t\t\t\t\t<span class=\"elementor-icon-list-text\"><strong>Pilates-Kurs<\/strong>: Personalisierte Sitzung, f\u00fcr alle Niveaus geeignet.<\/span>\n\t\t\t\t\t\t\t\t\t<\/li>\n\t\t\t\t\t\t\t\t<li class=\"elementor-icon-list-item\">\n\t\t\t\t\t\t\t\t\t\t\t<span class=\"elementor-icon-list-icon\">\n\t\t\t\t\t\t\t<svg aria-hidden=\"true\" class=\"e-font-icon-svg e-fas-check\" viewbox=\"0 0 512 512\" xmlns=\"http:\/\/www.w3.org\/2000\/svg\"><path d=\"M173.898 439.404l-166.4-166.4c-9.997-9.997-9.997-26.206 0-36.204l36.203-36.204c9.997-9.998 26.207-9.998 36.204 0L192 312.69 432.095 72.596c9.997-9.997 26.207-9.997 36.204 0l36.203 36.204c9.997 9.997 9.997 26.206 0 36.204l-294.4 294.401c-9.998 9.997-26.207 9.997-36.204-.001z\"><\/path><\/svg>\t\t\t\t\t\t<\/span>\n\t\t\t\t\t\t\t\t\t\t<span class=\"elementor-icon-list-text\"><strong>\u00dcbernachtung im Bauernhaus<\/strong>: \u00dcbernachten Sie in einem komfortablen Zimmer, umgeben von Natur und mit einer atemberaubenden Aussicht.<\/span>\n\t\t\t\t\t\t\t\t\t<\/li>\n\t\t\t\t\t\t\t\t<li class=\"elementor-icon-list-item\">\n\t\t\t\t\t\t\t\t\t\t\t<span class=\"elementor-icon-list-icon\">\n\t\t\t\t\t\t\t<svg aria-hidden=\"true\" class=\"e-font-icon-svg e-fas-check\" viewbox=\"0 0 512 512\" xmlns=\"http:\/\/www.w3.org\/2000\/svg\"><path d=\"M173.898 439.404l-166.4-166.4c-9.997-9.997-9.997-26.206 0-36.204l36.203-36.204c9.997-9.998 26.207-9.998 36.204 0L192 312.69 432.095 72.596c9.997-9.997 26.207-9.997 36.204 0l36.203 36.204c9.997 9.997 9.997 26.206 0 36.204l-294.4 294.401c-9.998 9.997-26.207 9.997-36.204-.001z\"><\/path><\/svg>\t\t\t\t\t\t<\/span>\n\t\t\t\t\t\t\t\t\t\t<span class=\"elementor-icon-list-text\"><strong>Fr\u00fchst\u00fcck mit frischen und regionalen Produkten<\/strong>: Ein gesunder Start in den Tag mit den authentischen Aromen unseres Landes.<\/span>\n\t\t\t\t\t\t\t\t\t<\/li>\n\t\t\t\t\t\t<\/ul>\n\t\t\t\t\t\t<\/div>\n\t\t\t\t<\/div>\n\t\t\t\t<div class=\"elementor-element elementor-element-91011eb elementor-widget elementor-widget-text-editor\" data-id=\"91011eb\" data-element_type=\"widget\" data-e-type=\"widget\" data-widget_type=\"text-editor.default\">\n\t\t\t\t<div class=\"elementor-widget-container\">\n\t\t\t\t\t\t\t\t\t<p>Finden Sie Ihre Balance, lassen Sie den Alltag hinter sich und erleben Sie den Zauber der Landschaft. Buchen Sie jetzt Ihren erholsamen Aufenthalt!<\/p>\t\t\t\t\t\t\t\t<\/div>\n\t\t\t\t<\/div>\n\t\t\t\t<div class=\"elementor-element elementor-element-ea60ef7 elementor-align-left elementor-widget elementor-widget-button\" data-id=\"ea60ef7\" data-element_type=\"widget\" data-e-type=\"widget\" data-widget_type=\"button.default\">\n\t\t\t\t<div class=\"elementor-widget-container\">\n\t\t\t\t\t\t\t\t\t<div class=\"elementor-button-wrapper\">\n\t\t\t\t\t<a class=\"elementor-button elementor-button-link elementor-size-sm\" href=\"https:\/\/agriturismolamignola.com\/de\/contatti\/\">\n\t\t\t\t\t\t<span class=\"elementor-button-content-wrapper\">\n\t\t\t\t\t\t\t\t\t<span class=\"elementor-button-text\">Kontaktieren Sie uns oder fragen Sie vor Ort nach Informationen<\/span>\n\t\t\t\t\t<\/span>\n\t\t\t\t\t<\/a>\n\t\t\t\t<\/div>\n\t\t\t\t\t\t\t\t<\/div>\n\t\t\t\t<\/div>\n\t\t\t\t<\/div>\n\t\t<div class=\"elementor-element elementor-element-d31dfab e-con-full e-flex e-con e-child\" data-id=\"d31dfab\" data-element_type=\"container\" data-e-type=\"container\">\n\t\t\t\t<div class=\"elementor-element elementor-element-a72d8ee elementor-widget__width-initial elementor-widget-mobile__width-initial elementor-widget elementor-widget-image\" data-id=\"a72d8ee\" data-element_type=\"widget\" data-e-type=\"widget\" data-widget_type=\"image.default\">\n\t\t\t\t<div class=\"elementor-widget-container\">\n\t\t\t\t\t\t\t\t\t\t\t\t\t\t\t<img fetchpriority=\"high\" decoding=\"async\" width=\"1080\" height=\"1920\" src=\"https:\/\/agriturismolamignola.com\/wp-content\/uploads\/2024\/06\/IRENE17.jpg\" class=\"attachment-full size-full wp-image-2440\" alt=\"\" srcset=\"https:\/\/agriturismolamignola.com\/wp-content\/uploads\/2024\/06\/IRENE17.jpg 1080w, https:\/\/agriturismolamignola.com\/wp-content\/uploads\/2024\/06\/IRENE17-169x300.jpg 169w, https:\/\/agriturismolamignola.com\/wp-content\/uploads\/2024\/06\/IRENE17-576x1024.jpg 576w, https:\/\/agriturismolamignola.com\/wp-content\/uploads\/2024\/06\/IRENE17-768x1365.jpg 768w, https:\/\/agriturismolamignola.com\/wp-content\/uploads\/2024\/06\/IRENE17-864x1536.jpg 864w, https:\/\/agriturismolamignola.com\/wp-content\/uploads\/2024\/06\/IRENE17-7x12.jpg 7w\" sizes=\"(max-width: 1080px) 100vw, 1080px\" \/>\t\t\t\t\t\t\t\t\t\t\t\t\t\t\t<\/div>\n\t\t\t\t<\/div>\n\t\t\t\t<div class=\"elementor-element elementor-element-5d09d51 elementor-widget__width-initial elementor-widget elementor-widget-image\" data-id=\"5d09d51\" data-element_type=\"widget\" data-e-type=\"widget\" data-widget_type=\"image.default\">\n\t\t\t\t<div class=\"elementor-widget-container\">\n\t\t\t\t\t\t\t\t\t\t\t\t\t\t\t<img decoding=\"async\" width=\"1080\" height=\"1920\" src=\"https:\/\/agriturismolamignola.com\/wp-content\/uploads\/2024\/06\/IRENE10-1.jpg\" class=\"attachment-full size-full wp-image-2433\" alt=\"\" srcset=\"https:\/\/agriturismolamignola.com\/wp-content\/uploads\/2024\/06\/IRENE10-1.jpg 1080w, https:\/\/agriturismolamignola.com\/wp-content\/uploads\/2024\/06\/IRENE10-1-169x300.jpg 169w, https:\/\/agriturismolamignola.com\/wp-content\/uploads\/2024\/06\/IRENE10-1-576x1024.jpg 576w, https:\/\/agriturismolamignola.com\/wp-content\/uploads\/2024\/06\/IRENE10-1-768x1365.jpg 768w, https:\/\/agriturismolamignola.com\/wp-content\/uploads\/2024\/06\/IRENE10-1-864x1536.jpg 864w, https:\/\/agriturismolamignola.com\/wp-content\/uploads\/2024\/06\/IRENE10-1-7x12.jpg 7w\" sizes=\"(max-width: 1080px) 100vw, 1080px\" \/>\t\t\t\t\t\t\t\t\t\t\t\t\t\t\t<\/div>\n\t\t\t\t<\/div>\n\t\t\t\t<\/div>\n\t\t\t\t\t<\/div>\n\t\t\t\t<\/div>\n\t\t\t\t<\/div>","protected":false},"excerpt":{"rendered":"<p>Rilassati e Rinnova il Tuo Corpo e Mente! Concediti un\u2019esperienza unica di benessere: una sessione di Pilates rigenerante in un ambiente naturale, seguita da un pernottamento rilassante in un affascinante agriturismo. Risveglia i tuoi sensi, rigenera il corpo e ricarica la mente. Cosa include il pacchetto: Lezione di Pilates: Sessione personalizzata adatta a tutti i [&hellip;]<\/p>\n","protected":false},"author":1,"featured_media":0,"parent":0,"menu_order":0,"comment_status":"closed","ping_status":"closed","template":"elementor_header_footer","meta":{"om_disable_all_campaigns":false,"_monsterinsights_skip_tracking":false,"_monsterinsights_sitenote_active":false,"_monsterinsights_sitenote_note":"","_monsterinsights_sitenote_category":0,"footnotes":""},"class_list":["post-2666","page","type-page","status-publish","hentry"],"aioseo_notices":[],"_links":{"self":[{"href":"https:\/\/agriturismolamignola.com\/de\/wp-json\/wp\/v2\/pages\/2666","targetHints":{"allow":["GET"]}}],"collection":[{"href":"https:\/\/agriturismolamignola.com\/de\/wp-json\/wp\/v2\/pages"}],"about":[{"href":"https:\/\/agriturismolamignola.com\/de\/wp-json\/wp\/v2\/types\/page"}],"author":[{"embeddable":true,"href":"https:\/\/agriturismolamignola.com\/de\/wp-json\/wp\/v2\/users\/1"}],"replies":[{"embeddable":true,"href":"https:\/\/agriturismolamignola.com\/de\/wp-json\/wp\/v2\/comments?post=2666"}],"version-history":[{"count":16,"href":"https:\/\/agriturismolamignola.com\/de\/wp-json\/wp\/v2\/pages\/2666\/revisions"}],"predecessor-version":[{"id":2682,"href":"https:\/\/agriturismolamignola.com\/de\/wp-json\/wp\/v2\/pages\/2666\/revisions\/2682"}],"wp:attachment":[{"href":"https:\/\/agriturismolamignola.com\/de\/wp-json\/wp\/v2\/media?parent=2666"}],"curies":[{"name":"wp","href":"https:\/\/api.w.org\/{rel}","templated":true}]}}