{"id":3,"date":"2022-03-09T09:15:08","date_gmt":"2022-03-09T09:15:08","guid":{"rendered":"http:\/\/s898258960.sito-web-online.it\/?page_id=3"},"modified":"2022-03-30T07:36:08","modified_gmt":"2022-03-30T07:36:08","slug":"privacy-policy","status":"publish","type":"page","link":"https:\/\/agriturismolamignola.com\/de\/privacy-policy","title":{"rendered":"Datenschutz-Bestimmungen"},"content":{"rendered":"<h6 class=\"wp-block-heading\">INHABER DER DATENVERARBEITUNG<\/h6>\n\n\n\n<p>Firmenname und Anschrift des Datenverantwortlichen:\u00a0<\/p>\n\n\n\n<p><strong>Bonaccorsi Eleonora<\/strong>\u00a0\u00dcber Valle del Chioma<br>57124 Quercianella (Livorno) Italien Umsatzsteuer-Identifikationsnummer: 01657700496 CF: BNCLNR90R63E625M<\/p>\n\n\n\n<h2 class=\"wp-block-heading\">ARTEN DER ERHOBENEN DATEN&nbsp;<\/h2>\n\n\n\n<p>Zu den personenbezogenen Daten, die von dieser Anwendung unabh\u00e4ngig oder \u00fcber Dritte erfasst werden, geh\u00f6ren: Nutzungsdaten; Vorname; Nachname; Geburtsdatum; Telefonnummer; Adresse; Nation; Provinz; Email; POSTLEITZAHL; Stadt. Vollst\u00e4ndige Einzelheiten zu den einzelnen Arten der erfassten Daten finden Sie in den entsprechenden Abschnitten dieser Datenschutzrichtlinie oder in spezifischen Informationstexten, die vor der Datenerfassung angezeigt werden.<\/p>\n\n\n\n<p>Personenbezogene Daten k\u00f6nnen vom Benutzer freiwillig bereitgestellt oder, im Falle von Nutzungsdaten, automatisch w\u00e4hrend der Nutzung dieser Anwendung erfasst werden. Sofern nicht anders angegeben, sind alle von dieser Anwendung angeforderten Daten obligatorisch. Wenn der Benutzer sich weigert, diese mitzuteilen, kann es sein, dass diese Anwendung den Dienst nicht bereitstellen kann. In F\u00e4llen, in denen diese Anwendung bestimmte Daten als optional angibt, steht es den Benutzern frei, auf die \u00dcbermittlung dieser Daten zu verzichten, ohne dass dies Auswirkungen auf die Verf\u00fcgbarkeit des Dienstes oder seinen Betrieb hat.\u00a0<\/p>\n\n\n\n<p>Benutzer, die Zweifel dar\u00fcber haben, welche Daten obligatorisch sind, werden gebeten, sich an den Eigent\u00fcmer zu wenden. Jegliche Verwendung von Cookies \u2013 oder anderen Tracking-Tools \u2013 durch diese Anwendung oder durch die Eigent\u00fcmer von Drittanbieterdiensten, die von dieser Anwendung verwendet werden, dient, sofern nicht anders angegeben, dem Zweck, den vom Benutzer angeforderten Dienst bereitzustellen, zus\u00e4tzlich zu den weiteren Zwecken, die in beschrieben sind in diesem Dokument und in der Cookie-Richtlinie, falls verf\u00fcgbar.&nbsp;<\/p>\n\n\n\n<p>Der Benutzer \u00fcbernimmt die Verantwortung f\u00fcr die personenbezogenen Daten Dritter, die er \u00fcber diese Anwendung erh\u00e4lt, ver\u00f6ffentlicht oder weitergibt, und garantiert, dass er das Recht hat, diese mitzuteilen oder zu verbreiten, wodurch der Eigent\u00fcmer von jeglicher Haftung gegen\u00fcber Dritten befreit wird.\u00a0<\/p>\n\n\n\n<h2 class=\"wp-block-heading\">Art und Ort der Verarbeitung der erhobenen Daten<\/h2>\n\n\n\n<p><strong>Behandlungsmethoden&nbsp;<\/strong><\/p>\n\n\n\n<p>Der Datenverantwortliche ergreift geeignete Sicherheitsma\u00dfnahmen, um den unbefugten Zugriff, die Offenlegung, \u00c4nderung oder Zerst\u00f6rung personenbezogener Daten zu verhindern. Die Verarbeitung erfolgt unter Einsatz von IT- und\/oder Telematik-Tools, mit organisatorischen Methoden und mit einer Logik, die eng mit den angegebenen Zwecken verbunden ist. Neben dem Datenverantwortlichen k\u00f6nnen in manchen F\u00e4llen auch andere an der Organisation beteiligte Personen Zugriff auf die Daten haben&nbsp;<\/p>\n\n\n\n<p>Anwendungs- (Verwaltungs-, Handels-, Marketing-, Rechts-, Systemadministratoren) oder externe Subjekte (z. B. externe technische Dienstleister, Postboten, Hosting-Anbieter, IT-Unternehmen, Kommunikationsagenturen), die vom Eigent\u00fcmer bei Bedarf ebenfalls als Datenverarbeiter ernannt werden . Die aktualisierte Liste der Manager kann jederzeit beim Datenverantwortlichen angefordert werden.&nbsp;<\/p>\n\n\n\n<p><strong>Rechtsgrundlage der Behandlung&nbsp;<\/strong><\/p>\n\n\n\n<p>Der Datenverantwortliche verarbeitet personenbezogene Daten des Nutzers, wenn eine der folgenden Bedingungen vorliegt:&nbsp;<\/p>\n\n\n\n<ul class=\"wp-block-list\"><li>der Benutzer hat seine Einwilligung f\u00fcr einen oder mehrere bestimmte Zwecke gegeben; Hinweis: In einigen Gerichtsbarkeiten ist der Datenverantwortliche m\u00f6glicherweise berechtigt, personenbezogene Daten ohne die Zustimmung des Benutzers oder eine andere der unten aufgef\u00fchrten Rechtsgrundlagen zu verarbeiten, solange der Benutzer dieser Behandlung nicht widerspricht (\u201eOpt-out\u201c). Dies gilt jedoch nicht, wenn die Verarbeitung personenbezogener Daten den europ\u00e4ischen Rechtsvorschriften zum Schutz personenbezogener Daten unterliegt;<\/li><li>die Verarbeitung ist f\u00fcr die Abwicklung eines Vertrages mit dem Nutzer und\/oder zur Durchf\u00fchrung vorvertraglicher Ma\u00dfnahmen erforderlich;<\/li><li>die Verarbeitung ist zur Erf\u00fcllung einer rechtlichen Verpflichtung erforderlich, der der Datenverantwortliche unterliegt;<\/li><li>die Verarbeitung ist f\u00fcr die Ausf\u00fchrung einer Aufgabe von \u00f6ffentlichem Interesse oder f\u00fcr die Aus\u00fcbung \u00f6ffentlicher Befugnisse erforderlich, die dem Verantwortlichen \u00fcbertragen wurden;<\/li><li>Die Verarbeitung ist zur Wahrung des berechtigten Interesses des Datenverantwortlichen oder Dritter erforderlich. Es ist jedoch jederzeit m\u00f6glich, den Datenverantwortlichen zu bitten, die konkrete Rechtsgrundlage jeder Behandlung zu kl\u00e4ren und insbesondere anzugeben, ob die Behandlung auf dem Gesetz beruht, in einem Vertrag vorgesehen ist oder f\u00fcr den Abschluss eines Vertrags erforderlich ist.<\/li><\/ul>\n\n\n\n<p><strong>Ort<\/strong><\/p>\n\n\n\n<p>Die Daten werden in den Betriebsb\u00fcros des Datenverantwortlichen und an jedem anderen Ort verarbeitet, an dem sich die an der Verarbeitung beteiligten Parteien befinden. F\u00fcr weitere Informationen wenden Sie sich bitte an den Eigent\u00fcmer. Die personenbezogenen Daten des Nutzers k\u00f6nnen in ein anderes Land als das, in dem sich der Nutzer befindet, \u00fcbertragen werden. Weitere Informationen zum Ort der Verarbeitung finden Sie im Abschnitt \u00fcber die Einzelheiten zur Verarbeitung personenbezogener Daten. Der Nutzer hat das Recht, Auskunft \u00fcber die Rechtsgrundlage f\u00fcr die \u00dcbermittlung von Daten au\u00dferhalb der Europ\u00e4ischen Union oder an eine internationale Organisation zu erhalten, die dem V\u00f6lkerrecht unterliegt oder aus zwei oder mehr L\u00e4ndern besteht, wie zum Beispiel die Vereinten Nationen, sowie dar\u00fcber die vom Datenverantwortlichen zum Schutz der Daten ergriffenen Sicherheitsma\u00dfnahmen.<\/p>\n\n\n\n<p>\u200b<\/p>\n\n\n\n<p>Der Benutzer kann \u00fcberpr\u00fcfen, ob eine der oben beschriebenen \u00dcbermittlungen stattfindet, indem er den Abschnitt dieses Dokuments zu den Einzelheiten der Verarbeitung personenbezogener Daten durchsieht oder Informationen vom Datenverantwortlichen anfordert, indem er ihn unter den zu Beginn angegebenen Kontaktdaten kontaktiert.&nbsp;<\/p>\n\n\n\n<p><strong>Aufbewahrungszeitraum&nbsp;<\/strong><\/p>\n\n\n\n<p>Die Daten werden so lange verarbeitet und gespeichert, wie es f\u00fcr die Zwecke, f\u00fcr die sie erhoben wurden, erforderlich ist. Deshalb:&nbsp;<\/p>\n\n\n\n<ul class=\"wp-block-list\"><li>Pers\u00f6nliche Daten, die f\u00fcr Zwecke im Zusammenhang mit der Ausf\u00fchrung eines Vertrags zwischen dem Eigent\u00fcmer und dem Benutzer erhoben werden, werden bis zum Abschluss der Ausf\u00fchrung dieses Vertrags aufbewahrt.<\/li><li>Personenbezogene Daten, die f\u00fcr Zwecke erhoben werden, die dem berechtigten Interesse des Datenverantwortlichen zuzuordnen sind, werden so lange aufbewahrt, bis dieses Interesse befriedigt ist. Weitere Informationen zum berechtigten Interesse des Datenverantwortlichen erh\u00e4lt der Nutzer in den entsprechenden Abschnitten dieses Dokuments oder durch Kontaktaufnahme mit dem Datenverantwortlichen. Wenn die Behandlung auf der Einwilligung des Nutzers beruht, kann der Eigent\u00fcmer die personenbezogenen Daten l\u00e4nger aufbewahren, bis die Einwilligung widerrufen wird. Dar\u00fcber hinaus kann der Datenverantwortliche aufgrund einer gesetzlichen Verpflichtung oder auf Anordnung einer Beh\u00f6rde verpflichtet sein, personenbezogene Daten f\u00fcr einen l\u00e4ngeren Zeitraum aufzubewahren. Am Ende der Aufbewahrungsfrist werden die personenbezogenen Daten gel\u00f6scht. Nach Ablauf dieser Frist k\u00f6nnen daher das Recht auf Auskunft, L\u00f6schung, Berichtigung und das Recht auf Daten\u00fcbertragbarkeit nicht mehr ausge\u00fcbt werden.<\/li><\/ul>\n\n\n\n<h2 class=\"wp-block-heading\">ZWECK DER VERARBEITUNG DER ERHOBENEN DATEN<\/h2>\n\n\n\n<p>Die Daten des Benutzers werden gesammelt, um dem Eigent\u00fcmer die Bereitstellung des Dienstes, die Erf\u00fcllung gesetzlicher Verpflichtungen, die Beantwortung von Anfragen oder exekutiven Ma\u00dfnahmen, den Schutz seiner Rechte und Interessen (oder die von Benutzern oder Dritten) sowie die Identifizierung b\u00f6swilliger oder betr\u00fcgerischer Aktivit\u00e4ten zu erm\u00f6glichen f\u00fcr folgende Zwecke: Anzeige von Inhalten externer Plattformen, \u00dcberwachung der Infrastruktur, Plattformdienste und -hosting sowie Kontaktaufnahme mit dem Nutzer. Um detaillierte Informationen zu den Zwecken der Verarbeitung und zu den f\u00fcr jeden Zweck verarbeiteten personenbezogenen Daten zu erhalten, kann der Benutzer den Abschnitt \u201eDetaillierte Informationen zur Verarbeitung personenbezogener Daten\u201c lesen.<\/p>\n\n\n\n<h2 class=\"wp-block-heading\"><br>Einzelheiten zur Verarbeitung personenbezogener Daten<\/h2>\n\n\n\n<p>Personenbezogene Daten werden f\u00fcr die folgenden Zwecke und unter Verwendung der folgenden Dienste erhoben:<\/p>\n\n\n\n<p><strong>\u2022 Kontaktieren Sie den Benutzer<\/strong><\/p>\n\n\n\n<p><strong>Kontakt Formular&nbsp;<\/strong><\/p>\n\n\n\n<p>Durch das Ausf\u00fcllen des Kontaktformulars mit seinen Daten erkl\u00e4rt sich der Benutzer damit einverstanden, dass diese zur Beantwortung von Informationsanfragen, Angeboten oder anderen in der Kopfzeile des Formulars angegebenen Daten verwendet werden. Verarbeitete personenbezogene Daten: CAP; Stadt; Nachname; Geburtsdatum; Email; Adresse; Nation; Vorname; Telefonnummer; Provinz.&nbsp;<\/p>\n\n\n\n<p><strong>\u2022 Infrastruktur\u00fcberwachung<\/strong><\/p>\n\n\n\n<p>Diese Art von Dienst erm\u00f6glicht es dieser Anwendung, die Nutzung und das Verhalten ihrer Komponenten zu \u00fcberwachen, um die Leistung und Funktionalit\u00e4t zu verbessern, Wartungsarbeiten durchzuf\u00fchren oder Probleme zu l\u00f6sen. Die verarbeiteten personenbezogenen Daten h\u00e4ngen von den Merkmalen und Implementierungsmethoden dieser Dienste ab, die ihrer Natur nach die Aktivit\u00e4t dieser Anwendung filtern. Sentry (Functional Software, Inc.) Sentry ist ein \u00dcberwachungsdienst von Functional Software, Inc.&nbsp;<\/p>\n\n\n\n<p>Verarbeitete personenbezogene Daten: verschiedene Arten von Daten, wie in der Datenschutzrichtlinie des Dienstes angegeben.<\/p>\n\n\n\n<p>Ort der Verarbeitung: Vereinigte Staaten \u2013&nbsp;<a href=\"https:\/\/sentry.io\/privacy\/\" target=\"_blank\" rel=\"noreferrer noopener\">Datenschutz-Bestimmungen<\/a>.&nbsp;<\/p>\n\n\n\n<p><strong>\u2022 Plattform- und Hosting-Dienste<\/strong><\/p>\n\n\n\n<p>Diese Dienste dienen dem Hosten und Betreiben wichtiger Komponenten dieser Anwendung und erm\u00f6glichen so die Bereitstellung dieser Anwendung \u00fcber eine einzige Plattform. Diese Plattformen stellen dem Eigent\u00fcmer eine breite Palette von Tools zur Verf\u00fcgung, wie beispielsweise Analysetools, zur Verwaltung der Benutzerregistrierung, zur Verwaltung von Kommentaren und der Datenbank, f\u00fcr den elektronischen Handel, zur Zahlungsabwicklung usw. Der Einsatz dieser Tools beinhaltet die Erhebung und Verarbeitung personenbezogener Daten.&nbsp;&nbsp;<br>Einige dieser Dienste funktionieren \u00fcber Server, die sich geografisch an verschiedenen Orten befinden, was es schwierig macht, den genauen Ort zu bestimmen, an dem personenbezogene Daten gespeichert werden.<\/p>\n\n\n\n<h4 class=\"wp-block-heading\">WordPress.com (Aut O&#039;Mattic A8C Ireland Ltd.)<\/h4>\n\n\n\n<p>WordPress.com ist eine von Aut O&#039;Mattic A8C Ireland Ltd. bereitgestellte Plattform, die es dem Eigent\u00fcmer erm\u00f6glicht, diese Anwendung zu entwickeln, zu betreiben und zu hosten.<\/p>\n\n\n\n<p>Verarbeitete personenbezogene Daten: Nachname; Bei der Nutzung des Dienstes \u00fcbermittelte Daten; Nutzungsdaten; Email; Rechnungsadresse; Lieferanschrift; Vorname; verschiedene Arten von Daten, wie in der Datenschutzrichtlinie des Dienstes angegeben.<\/p>\n\n\n\n<p>Ort der Verarbeitung: Irland \u2013&nbsp;&nbsp;<a href=\"https:\/\/automattic.com\/privacy\/\" target=\"_blank\" rel=\"noreferrer noopener\">Datenschutz-Bestimmungen<\/a>.<\/p>\n\n\n\n<p><strong>\u2022 Inhalte von externen Plattformen ansehen<\/strong><\/p>\n\n\n\n<p>Mit dieser Art von Diensten k\u00f6nnen Sie auf externen Plattformen gehostete Inhalte direkt \u00fcber die Seiten dieser Anwendung anzeigen und mit ihnen interagieren. Diese Art von Dienst k\u00f6nnte weiterhin Daten zum Webverkehr in Bezug auf die Seiten sammeln, auf denen der Dienst installiert ist, auch wenn Benutzer ihn nicht nutzen.<\/p>\n\n\n\n<p><strong>Google Fonts (Google Ireland Limited)&nbsp;<\/strong><\/p>\n\n\n\n<p>Google Fonts ist ein von Google Ireland Limited verwalteter Dienst zur Visualisierung von Schriftstilen, der es dieser Anwendung erm\u00f6glicht, solche Inhalte in ihre Seiten zu integrieren. Verarbeitete personenbezogene Daten: Nutzungsdaten; verschiedene Arten von Daten, wie in der Datenschutzrichtlinie des Dienstes angegeben.&nbsp;<\/p>\n\n\n\n<p>Ort der Verarbeitung: Irland \u2013&nbsp;<a href=\"https:\/\/policies.google.com\/privacy\" target=\"_blank\" rel=\"noreferrer noopener\">Datenschutz-Bestimmungen<\/a>. Subjekt, das sich an den Privacy Shield h\u00e4lt.<\/p>\n\n\n\n<h2 class=\"wp-block-heading\">DEINE RECHTE&nbsp;<\/h2>\n\n\n\n<p>Benutzer k\u00f6nnen bestimmte Rechte in Bezug auf die vom Eigent\u00fcmer verarbeiteten Daten aus\u00fcben.<\/p>\n\n\n\n<p>Der Nutzer hat insbesondere das Recht:&nbsp;<\/p>\n\n\n\n<ul class=\"wp-block-list\"><li>Einwilligung jederzeit widerrufen. Der Nutzer kann die zuvor erteilte Einwilligung zur Verarbeitung seiner personenbezogenen Daten widerrufen.<\/li><li>der Verarbeitung seiner Daten widersprechen. Der Nutzer kann der Verarbeitung seiner Daten widersprechen, wenn diese auf einer anderen Rechtsgrundlage als der Einwilligung erfolgt. N\u00e4here Einzelheiten zum Widerspruchsrecht erfahren Sie im folgenden Abschnitt.<\/li><li>Zugriff auf seine Daten. Der Benutzer hat das Recht, Informationen \u00fcber die vom Datenverantwortlichen verarbeiteten Daten sowie \u00fcber bestimmte Aspekte der Verarbeitung zu erhalten und eine Kopie der verarbeiteten Daten zu erhalten.<\/li><li>pr\u00fcfen und um Berichtigung bitten. Der Nutzer kann die Richtigkeit seiner Daten \u00fcberpr\u00fcfen und deren Aktualisierung oder Berichtigung verlangen.<\/li><li>die Einschr\u00e4nkung der Behandlung erhalten. Wenn bestimmte Bedingungen erf\u00fcllt sind, kann der Nutzer die Einschr\u00e4nkung der Verarbeitung seiner Daten verlangen. In diesem Fall wird der Datenverantwortliche die Daten zu keinem anderen Zweck als ihrer Aufbewahrung verarbeiten.<\/li><li>die L\u00f6schung oder Entfernung ihrer personenbezogenen Daten zu verlangen. Wenn bestimmte Bedingungen erf\u00fcllt sind, kann der Benutzer die L\u00f6schung seiner Daten durch den Eigent\u00fcmer beantragen.<\/li><li>Ihre Daten erhalten oder an einen anderen Inhaber \u00fcbertragen lassen. Der Nutzer hat das Recht, seine Daten in einem strukturierten Format zu erhalten, das allgemein verwendet und von einem automatischen Ger\u00e4t gelesen werden kann, und, soweit technisch machbar, die \u00dcbertragung ohne Hindernisse an einen anderen Inhaber zu erwirken. Diese Bestimmung gilt, wenn die Daten mit automatisierten Werkzeugen verarbeitet werden und die Verarbeitung auf der Einwilligung des Nutzers, auf einem Vertrag, dessen Vertragspartei der Nutzer ist, oder auf damit verbundenen vertraglichen Ma\u00dfnahmen beruht.<\/li><li>eine Beschwerde vorschlagen. Der Nutzer kann eine Beschwerde bei der zust\u00e4ndigen Aufsichtsbeh\u00f6rde f\u00fcr den Schutz personenbezogener Daten einreichen oder rechtliche Schritte einleiten.<\/li><\/ul>\n\n\n\n<p><strong>Einzelheiten zum Widerspruchsrecht<\/strong><\/p>\n\n\n\n<p>Wenn personenbezogene Daten im \u00f6ffentlichen Interesse, in Aus\u00fcbung \u00f6ffentlicher Befugnisse des Datenverantwortlichen oder zur Verfolgung eines berechtigten Interesses des Datenverantwortlichen verarbeitet werden, haben Benutzer das Recht, der Verarbeitung aus Gr\u00fcnden, die sich aus ihrer besonderen Situation ergeben, zu widersprechen.&nbsp;<\/p>\n\n\n\n<p>Der Nutzer wird darauf hingewiesen, dass er der Verarbeitung ohne Angabe von Gr\u00fcnden widersprechen kann, wenn seine Daten zu Direktmarketingzwecken verarbeitet werden. Um herauszufinden, ob der Datenverantwortliche Daten f\u00fcr Direktmarketingzwecke verarbeitet, k\u00f6nnen Benutzer die entsprechenden Abschnitte dieses Dokuments lesen.&nbsp;<\/p>\n\n\n\n<p><strong>So \u00fcben Sie Ihre Rechte aus&nbsp;<\/strong><\/p>\n\n\n\n<p>Um die Rechte des Benutzers auszu\u00fcben, k\u00f6nnen Benutzer eine Anfrage an die in diesem Dokument angegebenen Kontaktdaten des Eigent\u00fcmers richten. Antr\u00e4ge werden kostenlos eingereicht und vom Datenverantwortlichen schnellstm\u00f6glich, in jedem Fall jedoch innerhalb eines Monats, bearbeitet.<\/p>\n\n\n\n<h6 class=\"wp-block-heading\">WEITERE INFORMATIONEN ZUR BEHANDLUNG&nbsp;<\/h6>\n\n\n\n<p><strong>Verteidigung vor Gericht&nbsp;<\/strong><\/p>\n\n\n\n<p>Die personenbezogenen Daten des Benutzers k\u00f6nnen vom Eigent\u00fcmer vor Gericht oder in der Vorbereitungsphase ihrer endg\u00fcltigen Feststellung zum Schutz vor Missbrauch bei der Nutzung dieser Anwendung oder damit verbundener Dienste durch den Benutzer verwendet werden.&nbsp;<\/p>\n\n\n\n<p>Der Nutzer erkl\u00e4rt, sich dar\u00fcber im Klaren zu sein, dass der Eigent\u00fcmer aufgrund beh\u00f6rdlicher Anordnung zur Offenlegung der Daten verpflichtet sein kann.&nbsp;<\/p>\n\n\n\n<p><strong>Genaue Informationen&nbsp;<\/strong><\/p>\n\n\n\n<p>Auf Wunsch des Benutzers kann diese Anwendung dem Benutzer zus\u00e4tzlich zu den in dieser Datenschutzrichtlinie enthaltenen Informationen zus\u00e4tzliche und kontextbezogene Informationen zu bestimmten Diensten oder zur Erhebung und Verarbeitung personenbezogener Daten bereitstellen.&nbsp;<\/p>\n\n\n\n<p><strong>System- und Wartungsprotokolle&nbsp;<\/strong><\/p>\n\n\n\n<p>F\u00fcr Betriebs- und Wartungszwecke k\u00f6nnen diese Anwendung und alle von ihr genutzten Dienste Dritter Systemprotokolle sammeln, d. h. Dateien, die die Interaktionen aufzeichnen und auch personenbezogene Daten wie die IP-Adresse des Benutzers enthalten k\u00f6nnen.&nbsp;<\/p>\n\n\n\n<p>Informationen, die nicht in dieser Richtlinie enthalten sind&nbsp;<\/p>\n\n\n\n<p>Weitere Informationen im Zusammenhang mit der Verarbeitung personenbezogener Daten k\u00f6nnen jederzeit beim Datenverantwortlichen unter den angegebenen Kontaktdaten angefordert werden.&nbsp;<\/p>\n\n\n\n<p><strong>Antwort auf \u201eDo Not Track\u201c-Anfragen&nbsp;<\/strong><\/p>\n\n\n\n<p>Diese Anwendung unterst\u00fctzt keine \u201eDo Not Track\u201c-Anfragen.&nbsp;<\/p>\n\n\n\n<p>Um herauszufinden, ob die verwendeten Dienste Dritter diese unterst\u00fctzen, wird der Nutzer gebeten, die jeweiligen Datenschutzrichtlinien zu konsultieren.&nbsp;<\/p>\n\n\n\n<p>\u00c4nderungen dieser Datenschutzrichtlinie&nbsp;<\/p>\n\n\n\n<p>Der Datenverantwortliche beh\u00e4lt sich das Recht vor, jederzeit \u00c4nderungen an dieser Datenschutzrichtlinie vorzunehmen, indem er die Benutzer auf dieser Seite und, wenn m\u00f6glich, in dieser Anwendung benachrichtigt und, sofern technisch und rechtlich machbar, eine Benachrichtigung an die Benutzer \u00fcber eine der folgenden Adressen sendet Kontakt, den Sie haben. Bitte konsultieren Sie diese Seite daher regelm\u00e4\u00dfig und achten Sie dabei auf das unten angegebene Datum der letzten \u00c4nderung.&nbsp;<\/p>\n\n\n\n<p>Betreffen die \u00c4nderungen Behandlungen, deren Rechtsgrundlage die Einwilligung ist, wird der Datenverantwortliche bei Bedarf die Einwilligung des Nutzers erneut einholen.&nbsp;<\/p>","protected":false},"excerpt":{"rendered":"<p>TITOLARE DEL TRATTAMENTO DEI DATI Ragione sociale e indirizzo del Titolare:\u00a0 Bonaccorsi Eleonora\u00a0Via Valle del Chioma57124 Quercianella (Livorno)\u00a0Italia\u00a0P.IVA: 01657700496\u00a0CF: BNCLNR90R63E625M TIPOLOGIE DI DATI RACCOLTI&nbsp; Fra i Dati Personali raccolti da questa Applicazione, in modo autonomo o tramite terze parti, ci sono: Dati di utilizzo; nome; cognome; data di nascita; numero di telefono; indirizzo; nazione; provincia; [&hellip;]<\/p>\n","protected":false},"author":1,"featured_media":0,"parent":0,"menu_order":0,"comment_status":"closed","ping_status":"open","template":"","meta":{"om_disable_all_campaigns":false,"_monsterinsights_skip_tracking":false,"_monsterinsights_sitenote_active":false,"_monsterinsights_sitenote_note":"","_monsterinsights_sitenote_category":0,"footnotes":""},"class_list":["post-3","page","type-page","status-publish","hentry"],"aioseo_notices":[],"_links":{"self":[{"href":"https:\/\/agriturismolamignola.com\/de\/wp-json\/wp\/v2\/pages\/3","targetHints":{"allow":["GET"]}}],"collection":[{"href":"https:\/\/agriturismolamignola.com\/de\/wp-json\/wp\/v2\/pages"}],"about":[{"href":"https:\/\/agriturismolamignola.com\/de\/wp-json\/wp\/v2\/types\/page"}],"author":[{"embeddable":true,"href":"https:\/\/agriturismolamignola.com\/de\/wp-json\/wp\/v2\/users\/1"}],"replies":[{"embeddable":true,"href":"https:\/\/agriturismolamignola.com\/de\/wp-json\/wp\/v2\/comments?post=3"}],"version-history":[{"count":0,"href":"https:\/\/agriturismolamignola.com\/de\/wp-json\/wp\/v2\/pages\/3\/revisions"}],"wp:attachment":[{"href":"https:\/\/agriturismolamignola.com\/de\/wp-json\/wp\/v2\/media?parent=3"}],"curies":[{"name":"wp","href":"https:\/\/api.w.org\/{rel}","templated":true}]}}