{"id":7,"date":"2022-03-09T09:30:31","date_gmt":"2022-03-09T09:30:31","guid":{"rendered":"http:\/\/s898258960.sito-web-online.it\/?page_id=7"},"modified":"2024-12-19T15:25:02","modified_gmt":"2024-12-19T15:25:02","slug":"azienda-agricola","status":"publish","type":"page","link":"https:\/\/agriturismolamignola.com\/de\/azienda-agricola","title":{"rendered":"Bauernhof"},"content":{"rendered":"<div data-elementor-type=\"wp-page\" data-elementor-id=\"7\" class=\"elementor elementor-7\" data-elementor-post-type=\"page\">\n\t\t\t\t\t\t<section class=\"elementor-section elementor-top-section elementor-element elementor-element-c3f95a6 elementor-section-height-min-height elementor-section-items-stretch elementor-section-boxed elementor-section-height-default\" data-id=\"c3f95a6\" data-element_type=\"section\" data-e-type=\"section\" data-settings=\"{&quot;background_background&quot;:&quot;classic&quot;}\">\n\t\t\t\t\t\t\t<div class=\"elementor-background-overlay\"><\/div>\n\t\t\t\t\t\t\t<div class=\"elementor-container elementor-column-gap-default\">\n\t\t\t\t\t<div class=\"elementor-column elementor-col-100 elementor-top-column elementor-element elementor-element-f848a7f\" data-id=\"f848a7f\" data-element_type=\"column\" data-e-type=\"column\">\n\t\t\t<div class=\"elementor-widget-wrap elementor-element-populated\">\n\t\t\t\t\t\t<div class=\"elementor-element elementor-element-bd902c9 elementor-widget__width-inherit elementor-widget elementor-widget-heading\" data-id=\"bd902c9\" data-element_type=\"widget\" data-e-type=\"widget\" data-widget_type=\"heading.default\">\n\t\t\t\t<div class=\"elementor-widget-container\">\n\t\t\t\t\t<h2 class=\"elementor-heading-title elementor-size-default\">Bauernhof<\/h2>\t\t\t\t<\/div>\n\t\t\t\t<\/div>\n\t\t\t\t<div class=\"elementor-element elementor-element-8018757 elementor-widget elementor-widget-heading\" data-id=\"8018757\" data-element_type=\"widget\" data-e-type=\"widget\" data-widget_type=\"heading.default\">\n\t\t\t\t<div class=\"elementor-widget-container\">\n\t\t\t\t\t<h2 class=\"elementor-heading-title elementor-size-default\">DIE CINTA SENESE<\/h2>\t\t\t\t<\/div>\n\t\t\t\t<\/div>\n\t\t\t\t\t<\/div>\n\t\t<\/div>\n\t\t\t\t\t<\/div>\n\t\t<\/section>\n\t\t\t\t<section class=\"elementor-section elementor-top-section elementor-element elementor-element-ceaba42 elementor-section-boxed elementor-section-height-default elementor-section-height-default\" data-id=\"ceaba42\" data-element_type=\"section\" data-e-type=\"section\">\n\t\t\t\t\t\t<div class=\"elementor-container elementor-column-gap-default\">\n\t\t\t\t\t<div class=\"elementor-column elementor-col-66 elementor-top-column elementor-element elementor-element-f160a9e\" data-id=\"f160a9e\" data-element_type=\"column\" data-e-type=\"column\">\n\t\t\t<div class=\"elementor-widget-wrap elementor-element-populated\">\n\t\t\t\t\t\t<div class=\"elementor-element elementor-element-2876caf elementor-widget elementor-widget-text-editor\" data-id=\"2876caf\" data-element_type=\"widget\" data-e-type=\"widget\" data-widget_type=\"text-editor.default\">\n\t\t\t\t<div class=\"elementor-widget-container\">\n\t\t\t\t\t\t\t\t\t<p class=\"font_8\">Unser Hof w\u00e4chst.<\/p><p class=\"font_8\">Unsere im Jahr 2021 gegr\u00fcndete halbwilde Cinta-Senese-Farm erstreckt sich \u00fcber einen Hektar Land, auf dem sich die Schweine frei bewegen und grasen k\u00f6nnen.<\/p><p class=\"font_8\">Das Cinta Senese ist eine urspr\u00fcnglich aus der Toskana stammende Schweinerasse, die leicht an ihrem schwarzen Fell und ihrer schwarzen Haut sowie an einem wei\u00dfen Band zu erkennen ist, das Widerrist, Schultern, Brust und Vorderbeine umgibt und als \u201eCinta\u201c bekannt ist.<\/p><p class=\"font_8\">Die Hauptnahrung unserer Tiere sind die Fr\u00fcchte des Waldes wie Eicheln, Oliven, Erdbeerb\u00e4ume und Knollen. In Zeiten geringer Produktivit\u00e4t des Waldes wird die Ern\u00e4hrung mit den besten Edelgr\u00e4sern wie Mais, Gerste, Weizen, Roggen und Hafer erg\u00e4nzt.<\/p><p class=\"font_8\">Diese Art der Haltung macht den Geschmack des Fleisches einzigartig und unverwechselbar, was sich positiv auf seine Schmackhaftigkeit und Saftigkeit auswirkt, die r\u00f6tlicher und schmackhafter ist als die anderer Schweine.<\/p><p class=\"font_8\">Der eigentliche Unterschied zu anderem Schweinefleisch liegt jedoch in der Textur. Cinta Senese-Fleisch hat einen hohen Anteil an intramuskul\u00e4rem Fett, besteht aber aus unges\u00e4ttigten, also guten Fetts\u00e4uren. Das Fett ist daher weicher, hat gr\u00f6\u00dfere Zellen und ist reich an Wasser, mit einer fl\u00fcssigeren Textur, sehr angenehm am Gaumen.<\/p><p class=\"font_8\">Um bei km 0 ein Produkt von ausgezeichneter Qualit\u00e4t zu erhalten, werden unsere Schweine, sobald sie ein Jahr alt sind, im Unternehmen geschlachtet, zerlegt und schlie\u00dflich von den erfahrenen H\u00e4nden von Enrico, einem Metzger seit \u00fcber 40 Jahren, verarbeitet.<\/p><p class=\"font_8\">Jetzt m\u00fcssen wir nur noch unsere Cinta Senese probieren.<\/p>\t\t\t\t\t\t\t\t<\/div>\n\t\t\t\t<\/div>\n\t\t\t\t\t<\/div>\n\t\t<\/div>\n\t\t\t\t<div class=\"elementor-column elementor-col-33 elementor-top-column elementor-element elementor-element-72019f5\" data-id=\"72019f5\" data-element_type=\"column\" data-e-type=\"column\">\n\t\t\t<div class=\"elementor-widget-wrap elementor-element-populated\">\n\t\t\t\t\t\t<div class=\"elementor-element elementor-element-9ec66bd elementor-widget elementor-widget-image\" data-id=\"9ec66bd\" data-element_type=\"widget\" data-e-type=\"widget\" data-widget_type=\"image.default\">\n\t\t\t\t<div class=\"elementor-widget-container\">\n\t\t\t\t\t\t\t\t\t\t\t\t\t\t\t<img fetchpriority=\"high\" decoding=\"async\" width=\"667\" height=\"1000\" src=\"https:\/\/agriturismolamignola.com\/wp-content\/uploads\/2022\/03\/AGRITURISMOLAMIGNOLA_105.jpg\" class=\"attachment-large size-large wp-image-807\" alt=\"\" srcset=\"https:\/\/agriturismolamignola.com\/wp-content\/uploads\/2022\/03\/AGRITURISMOLAMIGNOLA_105.jpg 667w, https:\/\/agriturismolamignola.com\/wp-content\/uploads\/2022\/03\/AGRITURISMOLAMIGNOLA_105-200x300.jpg 200w\" sizes=\"(max-width: 667px) 100vw, 667px\" \/>\t\t\t\t\t\t\t\t\t\t\t\t\t\t\t<\/div>\n\t\t\t\t<\/div>\n\t\t\t\t<div class=\"elementor-element elementor-element-b7f6d58 elementor-widget elementor-widget-image\" data-id=\"b7f6d58\" data-element_type=\"widget\" data-e-type=\"widget\" data-widget_type=\"image.default\">\n\t\t\t\t<div class=\"elementor-widget-container\">\n\t\t\t\t\t\t\t\t\t\t\t\t\t\t\t<img decoding=\"async\" width=\"667\" height=\"1000\" src=\"https:\/\/agriturismolamignola.com\/wp-content\/uploads\/2022\/03\/AGRITURISMOLAMIGNOLA_107.jpg\" class=\"attachment-large size-large wp-image-809\" alt=\"\" srcset=\"https:\/\/agriturismolamignola.com\/wp-content\/uploads\/2022\/03\/AGRITURISMOLAMIGNOLA_107.jpg 667w, https:\/\/agriturismolamignola.com\/wp-content\/uploads\/2022\/03\/AGRITURISMOLAMIGNOLA_107-200x300.jpg 200w\" sizes=\"(max-width: 667px) 100vw, 667px\" \/>\t\t\t\t\t\t\t\t\t\t\t\t\t\t\t<\/div>\n\t\t\t\t<\/div>\n\t\t\t\t\t<\/div>\n\t\t<\/div>\n\t\t\t\t\t<\/div>\n\t\t<\/section>\n\t\t<div class=\"elementor-element elementor-element-b63def7 e-flex e-con-boxed e-con e-parent\" data-id=\"b63def7\" data-element_type=\"container\" data-e-type=\"container\" id=\"olio\" data-settings=\"{&quot;background_background&quot;:&quot;classic&quot;}\">\n\t\t\t\t\t<div class=\"e-con-inner\">\n\t\t\t\t<div class=\"elementor-element elementor-element-39cab4a elementor-widget elementor-widget-spacer\" data-id=\"39cab4a\" data-element_type=\"widget\" data-e-type=\"widget\" data-widget_type=\"spacer.default\">\n\t\t\t\t<div class=\"elementor-widget-container\">\n\t\t\t\t\t\t\t<div class=\"elementor-spacer\">\n\t\t\t<div class=\"elementor-spacer-inner\"><\/div>\n\t\t<\/div>\n\t\t\t\t\t\t<\/div>\n\t\t\t\t<\/div>\n\t\t\t\t<div class=\"elementor-element elementor-element-7fc5f9b elementor-widget elementor-widget-heading\" data-id=\"7fc5f9b\" data-element_type=\"widget\" data-e-type=\"widget\" data-widget_type=\"heading.default\">\n\t\t\t\t<div class=\"elementor-widget-container\">\n\t\t\t\t\t<h2 class=\"elementor-heading-title elementor-size-default\">UNSER 0 KM \u00d6L<\/h2>\t\t\t\t<\/div>\n\t\t\t\t<\/div>\n\t\t\t\t\t<\/div>\n\t\t\t\t<\/div>\n\t\t<div class=\"elementor-element elementor-element-f47df19 e-flex e-con-boxed e-con e-parent\" data-id=\"f47df19\" data-element_type=\"container\" data-e-type=\"container\">\n\t\t\t\t\t<div class=\"e-con-inner\">\n\t\t<div class=\"elementor-element elementor-element-204564c e-con-full e-flex e-con e-child\" data-id=\"204564c\" data-element_type=\"container\" data-e-type=\"container\">\n\t\t\t\t<div class=\"elementor-element elementor-element-91f447f elementor-widget elementor-widget-text-editor\" data-id=\"91f447f\" data-element_type=\"widget\" data-e-type=\"widget\" data-widget_type=\"text-editor.default\">\n\t\t\t\t<div class=\"elementor-widget-container\">\n\t\t\t\t\t\t\t\t\t<p>Unsere Leidenschaft f\u00fcr Produktqualit\u00e4t begleitet uns schon immer.<\/p><p>Wir haben uns der 0-km-Produktion verschrieben, sowohl f\u00fcr unsere Schweine als auch f\u00fcr die Olivenernte, aus der das \u00d6l unseres Landes stammt.<\/p><p>Das Grundst\u00fcck liegt direkt an der Stra\u00dfe, die zum Agriturismo f\u00fchrt. Der Weg f\u00fchrt Sie zu unserem Tisch, wo Sie alle Gerichte probieren k\u00f6nnen, die mit den goldenen und lebendigen Tropfen unseres nativen Oliven\u00f6ls extra verfeinert sind.<\/p><p>Jedes Jahr widmen sich die erfahrenen H\u00e4nde von Enrico der Ernte der Oliven von Hand und mit Hilfe spezieller Maschinen. Sobald jede Olive den maximalen Reifepunkt erreicht hat, ist sie bereit f\u00fcr die Pressung und den Beginn des Produktionsprozesses unseres \u00d6ls.<\/p>\t\t\t\t\t\t\t\t<\/div>\n\t\t\t\t<\/div>\n\t\t\t\t<\/div>\n\t\t<div class=\"elementor-element elementor-element-9d53921 e-flex e-con-boxed e-con e-child\" data-id=\"9d53921\" data-element_type=\"container\" data-e-type=\"container\">\n\t\t\t\t\t<div class=\"e-con-inner\">\n\t\t\t\t<div class=\"elementor-element elementor-element-cd673a2 elementor-widget elementor-widget-video\" data-id=\"cd673a2\" data-element_type=\"widget\" data-e-type=\"widget\" data-settings=\"{&quot;video_type&quot;:&quot;hosted&quot;,&quot;autoplay&quot;:&quot;yes&quot;,&quot;play_on_mobile&quot;:&quot;yes&quot;,&quot;mute&quot;:&quot;yes&quot;,&quot;loop&quot;:&quot;yes&quot;}\" data-widget_type=\"video.default\">\n\t\t\t\t<div class=\"elementor-widget-container\">\n\t\t\t\t\t\t\t<div class=\"e-hosted-video elementor-wrapper elementor-open-inline\">\n\t\t\t\t\t<video class=\"elementor-video\" src=\"https:\/\/agriturismolamignola.com\/wp-content\/uploads\/2024\/01\/OLIO_3.mp4\" autoplay=\"\" loop=\"\" muted=\"muted\" playsinline=\"\" controlslist=\"nodownload\"><\/video>\n\t\t\t\t<\/div>\n\t\t\t\t\t\t<\/div>\n\t\t\t\t<\/div>\n\t\t\t\t\t<\/div>\n\t\t\t\t<\/div>\n\t\t\t\t\t<\/div>\n\t\t\t\t<\/div>\n\t\t<div class=\"elementor-element elementor-element-0d947a9 e-flex e-con-boxed e-con e-parent\" data-id=\"0d947a9\" data-element_type=\"container\" data-e-type=\"container\">\n\t\t\t\t\t<div class=\"e-con-inner\">\n\t\t\t\t<div class=\"elementor-element elementor-element-bbcd6a6 elementor-arrows-position-inside elementor-widget elementor-widget-image-carousel\" data-id=\"bbcd6a6\" data-element_type=\"widget\" data-e-type=\"widget\" data-settings=\"{&quot;slides_to_show&quot;:&quot;3&quot;,&quot;navigation&quot;:&quot;arrows&quot;,&quot;slides_to_show_mobile&quot;:&quot;1&quot;,&quot;autoplay&quot;:&quot;yes&quot;,&quot;pause_on_hover&quot;:&quot;yes&quot;,&quot;pause_on_interaction&quot;:&quot;yes&quot;,&quot;autoplay_speed&quot;:5000,&quot;infinite&quot;:&quot;yes&quot;,&quot;speed&quot;:500,&quot;image_spacing_custom&quot;:{&quot;unit&quot;:&quot;px&quot;,&quot;size&quot;:20,&quot;sizes&quot;:[]},&quot;image_spacing_custom_tablet&quot;:{&quot;unit&quot;:&quot;px&quot;,&quot;size&quot;:&quot;&quot;,&quot;sizes&quot;:[]}}\" data-widget_type=\"image-carousel.default\">\n\t\t\t\t<div class=\"elementor-widget-container\">\n\t\t\t\t\t\t\t<div class=\"elementor-image-carousel-wrapper swiper\" role=\"region\" aria-roledescription=\"carousel\" aria-label=\"Bilderkarussell\" dir=\"ltr\">\n\t\t\t<div class=\"elementor-image-carousel swiper-wrapper\" aria-live=\"off\">\n\t\t\t\t\t\t\t\t<div class=\"swiper-slide\" role=\"group\" aria-roledescription=\"slide\" aria-label=\"1 von 12\"><figure class=\"swiper-slide-inner\"><img decoding=\"async\" class=\"swiper-slide-image\" src=\"https:\/\/agriturismolamignola.com\/wp-content\/uploads\/2023\/10\/SN109186-768x1024.jpg\" alt=\"SN109186\" \/><\/figure><\/div><div class=\"swiper-slide\" role=\"group\" aria-roledescription=\"slide\" aria-label=\"2 von 12\"><figure class=\"swiper-slide-inner\"><img decoding=\"async\" class=\"swiper-slide-image\" src=\"https:\/\/agriturismolamignola.com\/wp-content\/uploads\/2023\/10\/SN109169-768x1024.jpg\" alt=\"SN109169\" \/><\/figure><\/div><div class=\"swiper-slide\" role=\"group\" aria-roledescription=\"slide\" aria-label=\"3 von 12\"><figure class=\"swiper-slide-inner\"><img decoding=\"async\" class=\"swiper-slide-image\" src=\"https:\/\/agriturismolamignola.com\/wp-content\/uploads\/2023\/10\/SN109221-768x1024.jpg\" alt=\"SN109221\" \/><\/figure><\/div><div class=\"swiper-slide\" role=\"group\" aria-roledescription=\"slide\" aria-label=\"4 von 12\"><figure class=\"swiper-slide-inner\"><img decoding=\"async\" class=\"swiper-slide-image\" src=\"https:\/\/agriturismolamignola.com\/wp-content\/uploads\/2023\/10\/SN109354-768x1024.jpg\" alt=\"SN109354\" \/><\/figure><\/div><div class=\"swiper-slide\" role=\"group\" aria-roledescription=\"slide\" aria-label=\"5 von 12\"><figure class=\"swiper-slide-inner\"><img decoding=\"async\" class=\"swiper-slide-image\" src=\"https:\/\/agriturismolamignola.com\/wp-content\/uploads\/2023\/10\/SN109248-768x1024.jpg\" alt=\"SN109248\" \/><\/figure><\/div><div class=\"swiper-slide\" role=\"group\" aria-roledescription=\"slide\" aria-label=\"6 von 12\"><figure class=\"swiper-slide-inner\"><img decoding=\"async\" class=\"swiper-slide-image\" src=\"https:\/\/agriturismolamignola.com\/wp-content\/uploads\/2023\/10\/SN109374-768x1024.jpg\" alt=\"SN109374\" \/><\/figure><\/div><div class=\"swiper-slide\" role=\"group\" aria-roledescription=\"slide\" aria-label=\"7 von 12\"><figure class=\"swiper-slide-inner\"><img decoding=\"async\" class=\"swiper-slide-image\" src=\"https:\/\/agriturismolamignola.com\/wp-content\/uploads\/2023\/10\/SN109279-768x1024.jpg\" alt=\"SN109279\" \/><\/figure><\/div><div class=\"swiper-slide\" role=\"group\" aria-roledescription=\"slide\" aria-label=\"8 von 12\"><figure class=\"swiper-slide-inner\"><img decoding=\"async\" class=\"swiper-slide-image\" src=\"https:\/\/agriturismolamignola.com\/wp-content\/uploads\/2023\/10\/SN109194-768x1024.jpg\" alt=\"SN109194\" \/><\/figure><\/div><div class=\"swiper-slide\" role=\"group\" aria-roledescription=\"slide\" aria-label=\"9 von 12\"><figure class=\"swiper-slide-inner\"><img decoding=\"async\" class=\"swiper-slide-image\" src=\"https:\/\/agriturismolamignola.com\/wp-content\/uploads\/2023\/10\/SN109171-1-768x1024.jpg\" alt=\"SN109171\" \/><\/figure><\/div><div class=\"swiper-slide\" role=\"group\" aria-roledescription=\"slide\" aria-label=\"10 von 12\"><figure class=\"swiper-slide-inner\"><img decoding=\"async\" class=\"swiper-slide-image\" src=\"https:\/\/agriturismolamignola.com\/wp-content\/uploads\/2023\/10\/SN109183-768x1024.jpg\" alt=\"SN109183\" \/><\/figure><\/div><div class=\"swiper-slide\" role=\"group\" aria-roledescription=\"slide\" aria-label=\"11 von 12\"><figure class=\"swiper-slide-inner\"><img decoding=\"async\" class=\"swiper-slide-image\" src=\"https:\/\/agriturismolamignola.com\/wp-content\/uploads\/2023\/10\/SN109158-768x1024.jpg\" alt=\"SN109158\" \/><\/figure><\/div><div class=\"swiper-slide\" role=\"group\" aria-roledescription=\"slide\" aria-label=\"12 von 12\"><figure class=\"swiper-slide-inner\"><img decoding=\"async\" class=\"swiper-slide-image\" src=\"https:\/\/agriturismolamignola.com\/wp-content\/uploads\/2023\/10\/SN109185-768x1024.jpg\" alt=\"SN109185\" \/><\/figure><\/div>\t\t\t<\/div>\n\t\t\t\t\t\t\t\t\t\t\t\t<div class=\"elementor-swiper-button elementor-swiper-button-prev\" role=\"button\" tabindex=\"0\">\n\t\t\t\t\t\t<svg aria-hidden=\"true\" class=\"e-font-icon-svg e-eicon-chevron-left\" viewbox=\"0 0 1000 1000\" xmlns=\"http:\/\/www.w3.org\/2000\/svg\"><path d=\"M646 125C629 125 613 133 604 142L308 442C296 454 292 471 292 487 292 504 296 521 308 533L604 854C617 867 629 875 646 875 663 875 679 871 692 858 704 846 713 829 713 812 713 796 708 779 692 767L438 487 692 225C700 217 708 204 708 187 708 171 704 154 692 142 675 129 663 125 646 125Z\"><\/path><\/svg>\t\t\t\t\t<\/div>\n\t\t\t\t\t<div class=\"elementor-swiper-button elementor-swiper-button-next\" role=\"button\" tabindex=\"0\">\n\t\t\t\t\t\t<svg aria-hidden=\"true\" class=\"e-font-icon-svg e-eicon-chevron-right\" viewbox=\"0 0 1000 1000\" xmlns=\"http:\/\/www.w3.org\/2000\/svg\"><path d=\"M696 533C708 521 713 504 713 487 713 471 708 454 696 446L400 146C388 133 375 125 354 125 338 125 325 129 313 142 300 154 292 171 292 187 292 204 296 221 308 233L563 492 304 771C292 783 288 800 288 817 288 833 296 850 308 863 321 871 338 875 354 875 371 875 388 867 400 854L696 533Z\"><\/path><\/svg>\t\t\t\t\t<\/div>\n\t\t\t\t\n\t\t\t\t\t\t\t\t\t<\/div>\n\t\t\t\t\t\t<\/div>\n\t\t\t\t<\/div>\n\t\t\t\t\t<\/div>\n\t\t\t\t<\/div>\n\t\t<div class=\"elementor-element elementor-element-b96d39d e-flex e-con-boxed e-con e-parent\" data-id=\"b96d39d\" data-element_type=\"container\" data-e-type=\"container\">\n\t\t\t\t\t<div class=\"e-con-inner\">\n\t\t\t\t<div class=\"elementor-element elementor-element-0f481bc elementor-widget elementor-widget-spacer\" data-id=\"0f481bc\" data-element_type=\"widget\" data-e-type=\"widget\" data-widget_type=\"spacer.default\">\n\t\t\t\t<div class=\"elementor-widget-container\">\n\t\t\t\t\t\t\t<div class=\"elementor-spacer\">\n\t\t\t<div class=\"elementor-spacer-inner\"><\/div>\n\t\t<\/div>\n\t\t\t\t\t\t<\/div>\n\t\t\t\t<\/div>\n\t\t\t\t\t<\/div>\n\t\t\t\t<\/div>\n\t\t\t\t<\/div>","protected":false},"excerpt":{"rendered":"<p>LA CINTA SENESE La nostra Azienda Agricola sta crescendo. Inserito nel 2021, il nostro \u00e8 un allevamento di Cinta Senese allo stato semi brado che si estende per oltre un ettaro di terreno dove i suini sono liberi di muoversi e pascolare. La Cinta Senese \u00e8 una razza suina originaria della Toscana facilmente riconoscibile per [&hellip;]<\/p>\n","protected":false},"author":1,"featured_media":0,"parent":0,"menu_order":0,"comment_status":"closed","ping_status":"closed","template":"elementor_header_footer","meta":{"om_disable_all_campaigns":false,"_monsterinsights_skip_tracking":false,"_monsterinsights_sitenote_active":false,"_monsterinsights_sitenote_note":"","_monsterinsights_sitenote_category":0,"footnotes":""},"class_list":["post-7","page","type-page","status-publish","hentry"],"aioseo_notices":[],"_links":{"self":[{"href":"https:\/\/agriturismolamignola.com\/de\/wp-json\/wp\/v2\/pages\/7","targetHints":{"allow":["GET"]}}],"collection":[{"href":"https:\/\/agriturismolamignola.com\/de\/wp-json\/wp\/v2\/pages"}],"about":[{"href":"https:\/\/agriturismolamignola.com\/de\/wp-json\/wp\/v2\/types\/page"}],"author":[{"embeddable":true,"href":"https:\/\/agriturismolamignola.com\/de\/wp-json\/wp\/v2\/users\/1"}],"replies":[{"embeddable":true,"href":"https:\/\/agriturismolamignola.com\/de\/wp-json\/wp\/v2\/comments?post=7"}],"version-history":[{"count":3,"href":"https:\/\/agriturismolamignola.com\/de\/wp-json\/wp\/v2\/pages\/7\/revisions"}],"predecessor-version":[{"id":2660,"href":"https:\/\/agriturismolamignola.com\/de\/wp-json\/wp\/v2\/pages\/7\/revisions\/2660"}],"wp:attachment":[{"href":"https:\/\/agriturismolamignola.com\/de\/wp-json\/wp\/v2\/media?parent=7"}],"curies":[{"name":"wp","href":"https:\/\/api.w.org\/{rel}","templated":true}]}}